{"id":6241,"date":"2024-10-21T11:11:27","date_gmt":"2024-10-21T09:11:27","guid":{"rendered":"https:\/\/mgs-stand.be\/wie-zijn-wij\/tentoonstellingscentrum\/louvexpo\/"},"modified":"2024-10-21T11:14:16","modified_gmt":"2024-10-21T09:14:16","slug":"louvexpo","status":"publish","type":"page","link":"https:\/\/mgs-stand.be\/nl\/wie-zijn-wij\/tentoonstellingscentrum\/louvexpo\/","title":{"rendered":"Louvexpo"},"content":{"rendered":"\t\t<div data-elementor-type=\"wp-page\" data-elementor-id=\"6241\" class=\"elementor elementor-6241 elementor-6231\" data-elementor-post-type=\"page\">\n\t\t\t\t<div class=\"elementor-element elementor-element-b962071 e-con-full e-flex e-con e-parent\" data-id=\"b962071\" data-element_type=\"container\" data-e-type=\"container\" data-settings=\"{&quot;background_background&quot;:&quot;classic&quot;,&quot;jet_parallax_layout_list&quot;:[]}\">\n\t\t\t\t<\/div>\n\t\t<div class=\"elementor-element elementor-element-47ec73cc e-flex e-con-boxed e-con e-parent\" data-id=\"47ec73cc\" data-element_type=\"container\" data-e-type=\"container\" data-settings=\"{&quot;jet_parallax_layout_list&quot;:[]}\">\n\t\t\t\t\t<div class=\"e-con-inner\">\n\t\t<div class=\"elementor-element elementor-element-4e67eabd e-con-full e-flex e-con e-child\" data-id=\"4e67eabd\" data-element_type=\"container\" data-e-type=\"container\" data-settings=\"{&quot;background_background&quot;:&quot;classic&quot;,&quot;jet_parallax_layout_list&quot;:[]}\">\n\t\t\t\t<div class=\"elementor-element elementor-element-e636670 elementor-widget elementor-widget-image\" data-id=\"e636670\" data-element_type=\"widget\" data-e-type=\"widget\" data-widget_type=\"image.default\">\n\t\t\t\t<div class=\"elementor-widget-container\">\n\t\t\t\t\t\t\t\t\t\t\t\t\t\t\t<img fetchpriority=\"high\" decoding=\"async\" width=\"536\" height=\"94\" src=\"https:\/\/mgs-stand.be\/wp-content\/uploads\/2024\/10\/Louvexpo.png\" class=\"attachment-large size-large wp-image-6234\" alt=\"\" srcset=\"https:\/\/mgs-stand.be\/wp-content\/uploads\/2024\/10\/Louvexpo.png 536w, https:\/\/mgs-stand.be\/wp-content\/uploads\/2024\/10\/Louvexpo-300x53.png 300w\" sizes=\"(max-width: 536px) 100vw, 536px\" \/>\t\t\t\t\t\t\t\t\t\t\t\t\t\t\t<\/div>\n\t\t\t\t<\/div>\n\t\t\t\t<div class=\"elementor-element elementor-element-3e7d0590 elementor-widget elementor-widget-heading\" data-id=\"3e7d0590\" data-element_type=\"widget\" data-e-type=\"widget\" data-widget_type=\"heading.default\">\n\t\t\t\t<div class=\"elementor-widget-container\">\n\t\t\t\t\t<h1 class=\"elementor-heading-title elementor-size-default\">Louvexpo  <\/h1>\t\t\t\t<\/div>\n\t\t\t\t<\/div>\n\t\t\t\t<\/div>\n\t\t<div class=\"elementor-element elementor-element-f7ebcf4 e-con-full e-flex e-con e-child\" data-id=\"f7ebcf4\" data-element_type=\"container\" data-e-type=\"container\" data-settings=\"{&quot;jet_parallax_layout_list&quot;:[]}\">\n\t\t\t\t<div class=\"elementor-element elementor-element-6a4f1573 elementor-widget elementor-widget-heading\" data-id=\"6a4f1573\" data-element_type=\"widget\" data-e-type=\"widget\" data-widget_type=\"heading.default\">\n\t\t\t\t<div class=\"elementor-widget-container\">\n\t\t\t\t\t<h2 class=\"elementor-heading-title elementor-size-default\">Presentatie van Louvexpo  <\/h2>\t\t\t\t<\/div>\n\t\t\t\t<\/div>\n\t\t\t\t<div class=\"elementor-element elementor-element-270d4991 elementor-widget elementor-widget-text-editor\" data-id=\"270d4991\" data-element_type=\"widget\" data-e-type=\"widget\" data-widget_type=\"text-editor.default\">\n\t\t\t\t<div class=\"elementor-widget-container\">\n\t\t\t\t\t\t\t\t\t<p><span class=\"TextRun SCXW167726754 BCX8\" lang=\"FR-BE\" xml:lang=\"FR-BE\" data-contrast=\"auto\"><span class=\"NormalTextRun SpellingErrorV2Themed SCXW167726754 BCX8\">Louvexpo<\/span><span class=\"NormalTextRun SCXW167726754 BCX8\">  is een modern expositiecentrum in La Louvi\u00e8re, Belgi\u00eb. Het is ontworpen om verschillende evenementen te organiseren, van culturele en commerci\u00eble tentoonstellingen tot concerten en sportevenementen. Toegankelijk en modulair,    <\/span><span class=\"NormalTextRun SpellingErrorV2Themed SCXW167726754 BCX8\">Louvexpo<\/span><span class=\"NormalTextRun SCXW167726754 BCX8\">  heeft zich gepositioneerd als een multifunctionele locatie, ideaal voor nationale en internationale evenementen. Dankzij de strategische ligging, op minder dan 45 minuten van Brussel en 90 minuten van Rijsel, trekt het bezoekers uit de hele regio. De eigentijdse architectuur en gevarieerde diensten maken het een populaire locatie voor grootschalige evenementen.  <\/span><\/span><span class=\"EOP SCXW167726754 BCX8\" data-ccp-props=\"{}\"> <\/span><\/p>\n\t\t\t\t\t\t\t\t<\/div>\n\t\t\t\t<\/div>\n\t\t\t\t<\/div>\n\t\t<div class=\"elementor-element elementor-element-82bf96e e-con-full e-flex e-con e-child\" data-id=\"82bf96e\" data-element_type=\"container\" data-e-type=\"container\" data-settings=\"{&quot;jet_parallax_layout_list&quot;:[]}\">\n\t\t\t\t<div class=\"elementor-element elementor-element-6c75cb53 elementor-widget elementor-widget-heading\" data-id=\"6c75cb53\" data-element_type=\"widget\" data-e-type=\"widget\" data-widget_type=\"heading.default\">\n\t\t\t\t<div class=\"elementor-widget-container\">\n\t\t\t\t\t<h2 class=\"elementor-heading-title elementor-size-default\">Evenementen op Louvexpo  <\/h2>\t\t\t\t<\/div>\n\t\t\t\t<\/div>\n\t\t\t\t<div class=\"elementor-element elementor-element-6433d3b6 elementor-widget elementor-widget-text-editor\" data-id=\"6433d3b6\" data-element_type=\"widget\" data-e-type=\"widget\" data-widget_type=\"text-editor.default\">\n\t\t\t\t<div class=\"elementor-widget-container\">\n\t\t\t\t\t\t\t\t\t<p><span class=\"NormalTextRun SpellingErrorV2Themed SCXW26037059 BCX8\">Louvexpo<\/span><span class=\"NormalTextRun SCXW26037059 BCX8\">  is de locatie bij uitstek voor veel beurzen en evenementen, zoals de Salon de l&#8217;Amour et de l&#8217;\u00c9rotisme, maar ook rommelmarkten en festivals. Als u overweegt om een stand te nemen op een van deze beurzen, dan is MGS Stand er om u te helpen. Ons team biedt innovatieve standoplossingen die zijn afgestemd op uw budget. Met MGS Stand profiteert u van een op maat gemaakte service om uw aanwezigheid op deze boeiende evenementen te laten schitteren.   <\/span>.<\/p>\n\t\t\t\t\t\t\t\t<\/div>\n\t\t\t\t<\/div>\n\t\t\t\t<\/div>\n\t\t\t\t\t<\/div>\n\t\t\t\t<\/div>\n\t\t<div class=\"elementor-element elementor-element-30a694f3 e-flex e-con-boxed e-con e-parent\" data-id=\"30a694f3\" data-element_type=\"container\" data-e-type=\"container\" data-settings=\"{&quot;jet_parallax_layout_list&quot;:[]}\">\n\t\t\t\t\t<div class=\"e-con-inner\">\n\t\t<div class=\"elementor-element elementor-element-2b08ee67 e-flex e-con-boxed e-con e-child\" data-id=\"2b08ee67\" data-element_type=\"container\" data-e-type=\"container\" data-settings=\"{&quot;jet_parallax_layout_list&quot;:[]}\">\n\t\t\t\t\t<div class=\"e-con-inner\">\n\t\t<div class=\"elementor-element elementor-element-51a18af2 e-con-full e-flex e-con e-child\" data-id=\"51a18af2\" data-element_type=\"container\" data-e-type=\"container\" data-settings=\"{&quot;jet_parallax_layout_list&quot;:[]}\">\n\t\t<div class=\"elementor-element elementor-element-34d83c65 e-con-full e-flex e-con e-child\" data-id=\"34d83c65\" data-element_type=\"container\" data-e-type=\"container\" data-settings=\"{&quot;jet_parallax_layout_list&quot;:[]}\">\n\t\t\t\t<div class=\"elementor-element elementor-element-47d2fc46 elementor-widget__width-initial elementor-widget elementor-widget-text-editor\" data-id=\"47d2fc46\" data-element_type=\"widget\" data-e-type=\"widget\" data-widget_type=\"text-editor.default\">\n\t\t\t\t<div class=\"elementor-widget-container\">\n\t\t\t\t\t\t\t\t\t<p>Situatie<\/p>\n\t\t\t\t\t\t\t\t<\/div>\n\t\t\t\t<\/div>\n\t\t\t\t<div class=\"elementor-element elementor-element-1fd0b528 elementor-widget__width-initial elementor-widget elementor-widget-text-editor\" data-id=\"1fd0b528\" data-element_type=\"widget\" data-e-type=\"widget\" data-widget_type=\"text-editor.default\">\n\t\t\t\t<div class=\"elementor-widget-container\">\n\t\t\t\t\t\t\t\t\t<p>La Louvi\u00e8re<\/p>\n\t\t\t\t\t\t\t\t<\/div>\n\t\t\t\t<\/div>\n\t\t\t\t<\/div>\n\t\t<div class=\"elementor-element elementor-element-205dfddc e-con-full e-flex e-con e-child\" data-id=\"205dfddc\" data-element_type=\"container\" data-e-type=\"container\" data-settings=\"{&quot;jet_parallax_layout_list&quot;:[]}\">\n\t\t\t\t<div class=\"elementor-element elementor-element-7bbf7b47 elementor-widget__width-initial elementor-widget elementor-widget-text-editor\" data-id=\"7bbf7b47\" data-element_type=\"widget\" data-e-type=\"widget\" data-widget_type=\"text-editor.default\">\n\t\t\t\t<div class=\"elementor-widget-container\">\n\t\t\t\t\t\t\t\t\t<p>Maat<\/p>\n\t\t\t\t\t\t\t\t<\/div>\n\t\t\t\t<\/div>\n\t\t\t\t<div class=\"elementor-element elementor-element-31969297 elementor-widget__width-initial elementor-widget elementor-widget-text-editor\" data-id=\"31969297\" data-element_type=\"widget\" data-e-type=\"widget\" data-widget_type=\"text-editor.default\">\n\t\t\t\t<div class=\"elementor-widget-container\">\n\t\t\t\t\t\t\t\t\t<p>2 zalen<\/p>\n\t\t\t\t\t\t\t\t<\/div>\n\t\t\t\t<\/div>\n\t\t\t\t<\/div>\n\t\t<div class=\"elementor-element elementor-element-60dd4db3 e-con-full e-flex e-con e-child\" data-id=\"60dd4db3\" data-element_type=\"container\" data-e-type=\"container\" data-settings=\"{&quot;jet_parallax_layout_list&quot;:[]}\">\n\t\t\t\t<div class=\"elementor-element elementor-element-60514e1 elementor-widget__width-initial elementor-widget elementor-widget-text-editor\" data-id=\"60514e1\" data-element_type=\"widget\" data-e-type=\"widget\" data-widget_type=\"text-editor.default\">\n\t\t\t\t<div class=\"elementor-widget-container\">\n\t\t\t\t\t\t\t\t\t<p>Website<\/p>\n\t\t\t\t\t\t\t\t<\/div>\n\t\t\t\t<\/div>\n\t\t\t\t<div class=\"elementor-element elementor-element-51018f97 elementor-widget__width-initial elementor-widget elementor-widget-text-editor\" data-id=\"51018f97\" data-element_type=\"widget\" data-e-type=\"widget\" data-widget_type=\"text-editor.default\">\n\t\t\t\t<div class=\"elementor-widget-container\">\n\t\t\t\t\t\t\t\t\t<p><span style=\"color: #999999;\"><a style=\"color: #999999;\" href=\"https:\/\/www.louvexpo.be\/\" target=\"_blank\" rel=\"noopener\">Louvexpo<\/a>.be<\/span><\/p>\n\t\t\t\t\t\t\t\t<\/div>\n\t\t\t\t<\/div>\n\t\t\t\t<\/div>\n\t\t\t\t<\/div>\n\t\t\t\t\t<\/div>\n\t\t\t\t<\/div>\n\t\t\t\t\t<\/div>\n\t\t\t\t<\/div>\n\t\t\t\t<\/div>\n\t\t","protected":false},"excerpt":{"rendered":"<p>Louvexpo Presentatie van Louvexpo Louvexpo is een modern expositiecentrum in La Louvi\u00e8re, Belgi\u00eb. Het is ontworpen om verschillende evenementen te organiseren, van culturele en commerci\u00eble tentoonstellingen tot concerten en sportevenementen. Toegankelijk en modulair, Louvexpo heeft zich gepositioneerd als een multifunctionele locatie, ideaal voor nationale en internationale evenementen. Dankzij de strategische ligging, op minder dan 45 [&hellip;]<\/p>\n","protected":false},"author":6,"featured_media":0,"parent":5834,"menu_order":0,"comment_status":"closed","ping_status":"closed","template":"elementor_header_footer","meta":{"_acf_changed":false,"footnotes":""},"class_list":["post-6241","page","type-page","status-publish","hentry"],"acf":[],"yoast_head":"<!-- This site is optimized with the Yoast SEO Premium plugin v27.0 (Yoast SEO v27.1) - https:\/\/yoast.com\/product\/yoast-seo-premium-wordpress\/ -->\n<title>Sta op Brussels Expo met MGS Stand: Innovatieve Oplossingen<\/title>\n<meta name=\"description\" content=\"Exposeer in Brussels Expo, een gerenommeerd evenementencomplex in Brussel. Profiteer van de ideale ligging op de Heizel.\" \/>\n<meta name=\"robots\" content=\"index, follow, max-snippet:-1, max-image-preview:large, max-video-preview:-1\" \/>\n<link rel=\"canonical\" href=\"https:\/\/mgs-stand.be\/nl\/wie-zijn-wij\/tentoonstellingscentrum\/louvexpo\/\" \/>\n<meta property=\"og:locale\" content=\"nl_NL\" \/>\n<meta property=\"og:type\" content=\"article\" \/>\n<meta property=\"og:title\" content=\"Louvexpo\" \/>\n<meta property=\"og:description\" content=\"Exposeer in Brussels Expo, een gerenommeerd evenementencomplex in Brussel. Profiteer van de ideale ligging op de Heizel.\" \/>\n<meta property=\"og:url\" content=\"https:\/\/mgs-stand.be\/nl\/wie-zijn-wij\/tentoonstellingscentrum\/louvexpo\/\" \/>\n<meta property=\"og:site_name\" content=\"MGS STAND\" \/>\n<meta property=\"article:publisher\" content=\"https:\/\/www.facebook.com\/MGS.sprl\" \/>\n<meta property=\"article:modified_time\" content=\"2024-10-21T09:14:16+00:00\" \/>\n<meta property=\"og:image\" content=\"https:\/\/mgs-stand.be\/wp-content\/uploads\/2024\/10\/Louvexpo.png\" \/>\n\t<meta property=\"og:image:width\" content=\"536\" \/>\n\t<meta property=\"og:image:height\" content=\"94\" \/>\n\t<meta property=\"og:image:type\" content=\"image\/png\" \/>\n<meta name=\"twitter:card\" content=\"summary_large_image\" \/>\n<meta name=\"twitter:label1\" content=\"Geschatte leestijd\" \/>\n\t<meta name=\"twitter:data1\" content=\"1 minuut\" \/>\n<script type=\"application\/ld+json\" class=\"yoast-schema-graph\">{\"@context\":\"https:\/\/schema.org\",\"@graph\":[{\"@type\":\"WebPage\",\"@id\":\"https:\/\/mgs-stand.be\/nl\/wie-zijn-wij\/tentoonstellingscentrum\/louvexpo\/\",\"url\":\"https:\/\/mgs-stand.be\/nl\/wie-zijn-wij\/tentoonstellingscentrum\/louvexpo\/\",\"name\":\"Sta op Brussels Expo met MGS Stand: Innovatieve Oplossingen\",\"isPartOf\":{\"@id\":\"https:\/\/mgs-stand.be\/nl\/#website\"},\"primaryImageOfPage\":{\"@id\":\"https:\/\/mgs-stand.be\/nl\/wie-zijn-wij\/tentoonstellingscentrum\/louvexpo\/#primaryimage\"},\"image\":{\"@id\":\"https:\/\/mgs-stand.be\/nl\/wie-zijn-wij\/tentoonstellingscentrum\/louvexpo\/#primaryimage\"},\"thumbnailUrl\":\"https:\/\/mgs-stand.be\/wp-content\/uploads\/2024\/10\/Louvexpo.png\",\"datePublished\":\"2024-10-21T09:11:27+00:00\",\"dateModified\":\"2024-10-21T09:14:16+00:00\",\"description\":\"Exposeer in Brussels Expo, een gerenommeerd evenementencomplex in Brussel. Profiteer van de ideale ligging op de Heizel.\",\"breadcrumb\":{\"@id\":\"https:\/\/mgs-stand.be\/nl\/wie-zijn-wij\/tentoonstellingscentrum\/louvexpo\/#breadcrumb\"},\"inLanguage\":\"nl-NL\",\"potentialAction\":[{\"@type\":\"ReadAction\",\"target\":[\"https:\/\/mgs-stand.be\/nl\/wie-zijn-wij\/tentoonstellingscentrum\/louvexpo\/\"]}]},{\"@type\":\"ImageObject\",\"inLanguage\":\"nl-NL\",\"@id\":\"https:\/\/mgs-stand.be\/nl\/wie-zijn-wij\/tentoonstellingscentrum\/louvexpo\/#primaryimage\",\"url\":\"https:\/\/mgs-stand.be\/wp-content\/uploads\/2024\/10\/Louvexpo.png\",\"contentUrl\":\"https:\/\/mgs-stand.be\/wp-content\/uploads\/2024\/10\/Louvexpo.png\"},{\"@type\":\"BreadcrumbList\",\"@id\":\"https:\/\/mgs-stand.be\/nl\/wie-zijn-wij\/tentoonstellingscentrum\/louvexpo\/#breadcrumb\",\"itemListElement\":[{\"@type\":\"ListItem\",\"position\":1,\"name\":\"Accueil\",\"item\":\"https:\/\/mgs-stand.be\/nl\/home\/\"},{\"@type\":\"ListItem\",\"position\":2,\"name\":\"Wie zijn wij?\",\"item\":\"https:\/\/mgs-stand.be\/nl\/wie-zijn-wij\/\"},{\"@type\":\"ListItem\",\"position\":3,\"name\":\"Tentoonstellingscentrum\",\"item\":\"https:\/\/mgs-stand.be\/nl\/wie-zijn-wij\/tentoonstellingscentrum\/\"},{\"@type\":\"ListItem\",\"position\":4,\"name\":\"Louvexpo\"}]},{\"@type\":\"WebSite\",\"@id\":\"https:\/\/mgs-stand.be\/nl\/#website\",\"url\":\"https:\/\/mgs-stand.be\/nl\/\",\"name\":\"MGS STAND\",\"description\":\"Stand Builder\",\"publisher\":{\"@id\":\"https:\/\/mgs-stand.be\/nl\/#organization\"},\"potentialAction\":[{\"@type\":\"SearchAction\",\"target\":{\"@type\":\"EntryPoint\",\"urlTemplate\":\"https:\/\/mgs-stand.be\/nl\/?s={search_term_string}\"},\"query-input\":{\"@type\":\"PropertyValueSpecification\",\"valueRequired\":true,\"valueName\":\"search_term_string\"}}],\"inLanguage\":\"nl-NL\"},{\"@type\":\"Organization\",\"@id\":\"https:\/\/mgs-stand.be\/nl\/#organization\",\"name\":\"MGS STAND\",\"url\":\"https:\/\/mgs-stand.be\/nl\/\",\"logo\":{\"@type\":\"ImageObject\",\"inLanguage\":\"nl-NL\",\"@id\":\"https:\/\/mgs-stand.be\/nl\/#\/schema\/logo\/image\/\",\"url\":\"https:\/\/mgs-stand.be\/wp-content\/uploads\/2022\/02\/LOGO-MGS-Stand-builder-1.svg\",\"contentUrl\":\"https:\/\/mgs-stand.be\/wp-content\/uploads\/2022\/02\/LOGO-MGS-Stand-builder-1.svg\",\"width\":841.89,\"height\":595.28,\"caption\":\"MGS STAND\"},\"image\":{\"@id\":\"https:\/\/mgs-stand.be\/nl\/#\/schema\/logo\/image\/\"},\"sameAs\":[\"https:\/\/www.facebook.com\/MGS.sprl\"]}]}<\/script>\n<!-- \/ Yoast SEO Premium plugin. -->","yoast_head_json":{"title":"Sta op Brussels Expo met MGS Stand: Innovatieve Oplossingen","description":"Exposeer in Brussels Expo, een gerenommeerd evenementencomplex in Brussel. Profiteer van de ideale ligging op de Heizel.","robots":{"index":"index","follow":"follow","max-snippet":"max-snippet:-1","max-image-preview":"max-image-preview:large","max-video-preview":"max-video-preview:-1"},"canonical":"https:\/\/mgs-stand.be\/nl\/wie-zijn-wij\/tentoonstellingscentrum\/louvexpo\/","og_locale":"nl_NL","og_type":"article","og_title":"Louvexpo","og_description":"Exposeer in Brussels Expo, een gerenommeerd evenementencomplex in Brussel. Profiteer van de ideale ligging op de Heizel.","og_url":"https:\/\/mgs-stand.be\/nl\/wie-zijn-wij\/tentoonstellingscentrum\/louvexpo\/","og_site_name":"MGS STAND","article_publisher":"https:\/\/www.facebook.com\/MGS.sprl","article_modified_time":"2024-10-21T09:14:16+00:00","og_image":[{"width":536,"height":94,"url":"https:\/\/mgs-stand.be\/wp-content\/uploads\/2024\/10\/Louvexpo.png","type":"image\/png"}],"twitter_card":"summary_large_image","twitter_misc":{"Geschatte leestijd":"1 minuut"},"schema":{"@context":"https:\/\/schema.org","@graph":[{"@type":"WebPage","@id":"https:\/\/mgs-stand.be\/nl\/wie-zijn-wij\/tentoonstellingscentrum\/louvexpo\/","url":"https:\/\/mgs-stand.be\/nl\/wie-zijn-wij\/tentoonstellingscentrum\/louvexpo\/","name":"Sta op Brussels Expo met MGS Stand: Innovatieve Oplossingen","isPartOf":{"@id":"https:\/\/mgs-stand.be\/nl\/#website"},"primaryImageOfPage":{"@id":"https:\/\/mgs-stand.be\/nl\/wie-zijn-wij\/tentoonstellingscentrum\/louvexpo\/#primaryimage"},"image":{"@id":"https:\/\/mgs-stand.be\/nl\/wie-zijn-wij\/tentoonstellingscentrum\/louvexpo\/#primaryimage"},"thumbnailUrl":"https:\/\/mgs-stand.be\/wp-content\/uploads\/2024\/10\/Louvexpo.png","datePublished":"2024-10-21T09:11:27+00:00","dateModified":"2024-10-21T09:14:16+00:00","description":"Exposeer in Brussels Expo, een gerenommeerd evenementencomplex in Brussel. Profiteer van de ideale ligging op de Heizel.","breadcrumb":{"@id":"https:\/\/mgs-stand.be\/nl\/wie-zijn-wij\/tentoonstellingscentrum\/louvexpo\/#breadcrumb"},"inLanguage":"nl-NL","potentialAction":[{"@type":"ReadAction","target":["https:\/\/mgs-stand.be\/nl\/wie-zijn-wij\/tentoonstellingscentrum\/louvexpo\/"]}]},{"@type":"ImageObject","inLanguage":"nl-NL","@id":"https:\/\/mgs-stand.be\/nl\/wie-zijn-wij\/tentoonstellingscentrum\/louvexpo\/#primaryimage","url":"https:\/\/mgs-stand.be\/wp-content\/uploads\/2024\/10\/Louvexpo.png","contentUrl":"https:\/\/mgs-stand.be\/wp-content\/uploads\/2024\/10\/Louvexpo.png"},{"@type":"BreadcrumbList","@id":"https:\/\/mgs-stand.be\/nl\/wie-zijn-wij\/tentoonstellingscentrum\/louvexpo\/#breadcrumb","itemListElement":[{"@type":"ListItem","position":1,"name":"Accueil","item":"https:\/\/mgs-stand.be\/nl\/home\/"},{"@type":"ListItem","position":2,"name":"Wie zijn wij?","item":"https:\/\/mgs-stand.be\/nl\/wie-zijn-wij\/"},{"@type":"ListItem","position":3,"name":"Tentoonstellingscentrum","item":"https:\/\/mgs-stand.be\/nl\/wie-zijn-wij\/tentoonstellingscentrum\/"},{"@type":"ListItem","position":4,"name":"Louvexpo"}]},{"@type":"WebSite","@id":"https:\/\/mgs-stand.be\/nl\/#website","url":"https:\/\/mgs-stand.be\/nl\/","name":"MGS STAND","description":"Stand Builder","publisher":{"@id":"https:\/\/mgs-stand.be\/nl\/#organization"},"potentialAction":[{"@type":"SearchAction","target":{"@type":"EntryPoint","urlTemplate":"https:\/\/mgs-stand.be\/nl\/?s={search_term_string}"},"query-input":{"@type":"PropertyValueSpecification","valueRequired":true,"valueName":"search_term_string"}}],"inLanguage":"nl-NL"},{"@type":"Organization","@id":"https:\/\/mgs-stand.be\/nl\/#organization","name":"MGS STAND","url":"https:\/\/mgs-stand.be\/nl\/","logo":{"@type":"ImageObject","inLanguage":"nl-NL","@id":"https:\/\/mgs-stand.be\/nl\/#\/schema\/logo\/image\/","url":"https:\/\/mgs-stand.be\/wp-content\/uploads\/2022\/02\/LOGO-MGS-Stand-builder-1.svg","contentUrl":"https:\/\/mgs-stand.be\/wp-content\/uploads\/2022\/02\/LOGO-MGS-Stand-builder-1.svg","width":841.89,"height":595.28,"caption":"MGS STAND"},"image":{"@id":"https:\/\/mgs-stand.be\/nl\/#\/schema\/logo\/image\/"},"sameAs":["https:\/\/www.facebook.com\/MGS.sprl"]}]}},"_links":{"self":[{"href":"https:\/\/mgs-stand.be\/nl\/wp-json\/wp\/v2\/pages\/6241","targetHints":{"allow":["GET"]}}],"collection":[{"href":"https:\/\/mgs-stand.be\/nl\/wp-json\/wp\/v2\/pages"}],"about":[{"href":"https:\/\/mgs-stand.be\/nl\/wp-json\/wp\/v2\/types\/page"}],"author":[{"embeddable":true,"href":"https:\/\/mgs-stand.be\/nl\/wp-json\/wp\/v2\/users\/6"}],"replies":[{"embeddable":true,"href":"https:\/\/mgs-stand.be\/nl\/wp-json\/wp\/v2\/comments?post=6241"}],"version-history":[{"count":1,"href":"https:\/\/mgs-stand.be\/nl\/wp-json\/wp\/v2\/pages\/6241\/revisions"}],"predecessor-version":[{"id":6242,"href":"https:\/\/mgs-stand.be\/nl\/wp-json\/wp\/v2\/pages\/6241\/revisions\/6242"}],"up":[{"embeddable":true,"href":"https:\/\/mgs-stand.be\/nl\/wp-json\/wp\/v2\/pages\/5834"}],"wp:attachment":[{"href":"https:\/\/mgs-stand.be\/nl\/wp-json\/wp\/v2\/media?parent=6241"}],"curies":[{"name":"wp","href":"https:\/\/api.w.org\/{rel}","templated":true}]}}