{"id":6217,"date":"2024-10-21T11:01:44","date_gmt":"2024-10-21T09:01:44","guid":{"rendered":"https:\/\/mgs-stand.be\/wie-zijn-wij\/tentoonstellingscentrum\/brabanthal\/"},"modified":"2024-10-21T11:05:36","modified_gmt":"2024-10-21T09:05:36","slug":"brabanthal","status":"publish","type":"page","link":"https:\/\/mgs-stand.be\/nl\/wie-zijn-wij\/tentoonstellingscentrum\/brabanthal\/","title":{"rendered":"Brabanthal"},"content":{"rendered":"\t\t<div data-elementor-type=\"wp-page\" data-elementor-id=\"6217\" class=\"elementor elementor-6217 elementor-6206\" data-elementor-post-type=\"page\">\n\t\t\t\t<div class=\"elementor-element elementor-element-b962071 e-con-full e-flex e-con e-parent\" data-id=\"b962071\" data-element_type=\"container\" data-e-type=\"container\" data-settings=\"{&quot;background_background&quot;:&quot;classic&quot;,&quot;jet_parallax_layout_list&quot;:[]}\">\n\t\t\t\t<\/div>\n\t\t<div class=\"elementor-element elementor-element-47ec73cc e-flex e-con-boxed e-con e-parent\" data-id=\"47ec73cc\" data-element_type=\"container\" data-e-type=\"container\" data-settings=\"{&quot;jet_parallax_layout_list&quot;:[]}\">\n\t\t\t\t\t<div class=\"e-con-inner\">\n\t\t<div class=\"elementor-element elementor-element-4e67eabd e-con-full e-flex e-con e-child\" data-id=\"4e67eabd\" data-element_type=\"container\" data-e-type=\"container\" data-settings=\"{&quot;background_background&quot;:&quot;classic&quot;,&quot;jet_parallax_layout_list&quot;:[]}\">\n\t\t\t\t<div class=\"elementor-element elementor-element-e636670 elementor-widget elementor-widget-image\" data-id=\"e636670\" data-element_type=\"widget\" data-e-type=\"widget\" data-widget_type=\"image.default\">\n\t\t\t\t<div class=\"elementor-widget-container\">\n\t\t\t\t\t\t\t\t\t\t\t\t\t\t\t<img fetchpriority=\"high\" decoding=\"async\" width=\"553\" height=\"354\" src=\"https:\/\/mgs-stand.be\/wp-content\/uploads\/2024\/10\/Brabanthal.jpg\" class=\"attachment-large size-large wp-image-6209\" alt=\"\" srcset=\"https:\/\/mgs-stand.be\/wp-content\/uploads\/2024\/10\/Brabanthal.jpg 553w, https:\/\/mgs-stand.be\/wp-content\/uploads\/2024\/10\/Brabanthal-300x192.jpg 300w\" sizes=\"(max-width: 553px) 100vw, 553px\" \/>\t\t\t\t\t\t\t\t\t\t\t\t\t\t\t<\/div>\n\t\t\t\t<\/div>\n\t\t\t\t<div class=\"elementor-element elementor-element-3e7d0590 elementor-widget elementor-widget-heading\" data-id=\"3e7d0590\" data-element_type=\"widget\" data-e-type=\"widget\" data-widget_type=\"heading.default\">\n\t\t\t\t<div class=\"elementor-widget-container\">\n\t\t\t\t\t<h1 class=\"elementor-heading-title elementor-size-default\">Brabanthal<\/h1>\t\t\t\t<\/div>\n\t\t\t\t<\/div>\n\t\t\t\t<\/div>\n\t\t<div class=\"elementor-element elementor-element-f7ebcf4 e-con-full e-flex e-con e-child\" data-id=\"f7ebcf4\" data-element_type=\"container\" data-e-type=\"container\" data-settings=\"{&quot;jet_parallax_layout_list&quot;:[]}\">\n\t\t\t\t<div class=\"elementor-element elementor-element-6a4f1573 elementor-widget elementor-widget-heading\" data-id=\"6a4f1573\" data-element_type=\"widget\" data-e-type=\"widget\" data-widget_type=\"heading.default\">\n\t\t\t\t<div class=\"elementor-widget-container\">\n\t\t\t\t\t<h2 class=\"elementor-heading-title elementor-size-default\">Brabanthal introduceren<\/h2>\t\t\t\t<\/div>\n\t\t\t\t<\/div>\n\t\t\t\t<div class=\"elementor-element elementor-element-270d4991 elementor-widget elementor-widget-text-editor\" data-id=\"270d4991\" data-element_type=\"widget\" data-e-type=\"widget\" data-widget_type=\"text-editor.default\">\n\t\t\t\t<div class=\"elementor-widget-container\">\n\t\t\t\t\t\t\t\t\t<p><span class=\"TextRun SCXW262419755 BCX8\" lang=\"FR-BE\" xml:lang=\"FR-BE\" data-contrast=\"auto\"><span class=\"NormalTextRun SpellingErrorV2Themed SCXW262419755 BCX8\">Brabanthal<\/span><span class=\"NormalTextRun SCXW262419755 BCX8\">gelegen in Leuven, is een belangrijke locatie voor evenementen en <\/span><span class=\"NormalTextRun ContextualSpellingAndGrammarErrorV2Themed SCXW262419755 BCX8\">en congreslocatie<\/span><span class=\"NormalTextRun SCXW262419755 BCX8\">. Avec une infrastructure moderne de 6 000 m\u00b2, il accueille une vari\u00e9t\u00e9 d&#8217;activit\u00e9s, allant des concerts aux salons professionnels. Sa polyvalence et son accessibilit\u00e9 en font un choix id\u00e9al pour des \u00e9v\u00e9nements de toutes tailles. Les diff\u00e9rentes salles peuvent \u00eatre adapt\u00e9es pour r\u00e9pondre aux besoins sp\u00e9cifiques des organisateurs, garantissant ainsi une exp\u00e9rience unique pour chaque \u00e9v\u00e9nement.   <\/span><\/span><span class=\"EOP SCXW262419755 BCX8\" data-ccp-props=\"{}\"> <\/span><\/p>\n\t\t\t\t\t\t\t\t<\/div>\n\t\t\t\t<\/div>\n\t\t\t\t<\/div>\n\t\t<div class=\"elementor-element elementor-element-82bf96e e-con-full e-flex e-con e-child\" data-id=\"82bf96e\" data-element_type=\"container\" data-e-type=\"container\" data-settings=\"{&quot;jet_parallax_layout_list&quot;:[]}\">\n\t\t\t\t<div class=\"elementor-element elementor-element-6c75cb53 elementor-widget elementor-widget-heading\" data-id=\"6c75cb53\" data-element_type=\"widget\" data-e-type=\"widget\" data-widget_type=\"heading.default\">\n\t\t\t\t<div class=\"elementor-widget-container\">\n\t\t\t\t\t<h2 class=\"elementor-heading-title elementor-size-default\">Doel en reikwijdte<\/h2>\t\t\t\t<\/div>\n\t\t\t\t<\/div>\n\t\t\t\t<div class=\"elementor-element elementor-element-6433d3b6 elementor-widget elementor-widget-text-editor\" data-id=\"6433d3b6\" data-element_type=\"widget\" data-e-type=\"widget\" data-widget_type=\"text-editor.default\">\n\t\t\t\t<div class=\"elementor-widget-container\">\n\t\t\t\t\t\t\t\t\t<p><span class=\"TextRun SCXW139718909 BCX8\" lang=\"FR-BE\" xml:lang=\"FR-BE\" data-contrast=\"auto\"><span class=\"NormalTextRun SpellingErrorV2Themed SCXW139718909 BCX8\">Brabanthal<\/span><span class=\"NormalTextRun SCXW139718909 BCX8\">  organiseert regelmatig beurzen en conferenties, waaronder evenementen op het gebied van cultuur, technologie en industrie. Als u overweegt om een stand te nemen op een van deze evenementen, dan kan MGS Stand u helpen. Als specialisten in standbouw kunnen wij u innovatieve oplossingen op maat van uw budget bieden om uw aanwezigheid op deze beurzen te laten schitteren.  <\/span><\/span><span class=\"EOP SCXW139718909 BCX8\" data-ccp-props=\"{}\"> <\/span><\/p>\n\t\t\t\t\t\t\t\t<\/div>\n\t\t\t\t<\/div>\n\t\t\t\t<\/div>\n\t\t\t\t\t<\/div>\n\t\t\t\t<\/div>\n\t\t<div class=\"elementor-element elementor-element-30a694f3 e-flex e-con-boxed e-con e-parent\" data-id=\"30a694f3\" data-element_type=\"container\" data-e-type=\"container\" data-settings=\"{&quot;jet_parallax_layout_list&quot;:[]}\">\n\t\t\t\t\t<div class=\"e-con-inner\">\n\t\t<div class=\"elementor-element elementor-element-2b08ee67 e-flex e-con-boxed e-con e-child\" data-id=\"2b08ee67\" data-element_type=\"container\" data-e-type=\"container\" data-settings=\"{&quot;jet_parallax_layout_list&quot;:[]}\">\n\t\t\t\t\t<div class=\"e-con-inner\">\n\t\t<div class=\"elementor-element elementor-element-51a18af2 e-con-full e-flex e-con e-child\" data-id=\"51a18af2\" data-element_type=\"container\" data-e-type=\"container\" data-settings=\"{&quot;jet_parallax_layout_list&quot;:[]}\">\n\t\t<div class=\"elementor-element elementor-element-34d83c65 e-con-full e-flex e-con e-child\" data-id=\"34d83c65\" data-element_type=\"container\" data-e-type=\"container\" data-settings=\"{&quot;jet_parallax_layout_list&quot;:[]}\">\n\t\t\t\t<div class=\"elementor-element elementor-element-47d2fc46 elementor-widget__width-initial elementor-widget elementor-widget-text-editor\" data-id=\"47d2fc46\" data-element_type=\"widget\" data-e-type=\"widget\" data-widget_type=\"text-editor.default\">\n\t\t\t\t<div class=\"elementor-widget-container\">\n\t\t\t\t\t\t\t\t\t<p>Situatie<\/p>\n\t\t\t\t\t\t\t\t<\/div>\n\t\t\t\t<\/div>\n\t\t\t\t<div class=\"elementor-element elementor-element-1fd0b528 elementor-widget__width-initial elementor-widget elementor-widget-text-editor\" data-id=\"1fd0b528\" data-element_type=\"widget\" data-e-type=\"widget\" data-widget_type=\"text-editor.default\">\n\t\t\t\t<div class=\"elementor-widget-container\">\n\t\t\t\t\t\t\t\t\t<p>Leuven<\/p>\n\t\t\t\t\t\t\t\t<\/div>\n\t\t\t\t<\/div>\n\t\t\t\t<\/div>\n\t\t<div class=\"elementor-element elementor-element-205dfddc e-con-full e-flex e-con e-child\" data-id=\"205dfddc\" data-element_type=\"container\" data-e-type=\"container\" data-settings=\"{&quot;jet_parallax_layout_list&quot;:[]}\">\n\t\t\t\t<div class=\"elementor-element elementor-element-7bbf7b47 elementor-widget__width-initial elementor-widget elementor-widget-text-editor\" data-id=\"7bbf7b47\" data-element_type=\"widget\" data-e-type=\"widget\" data-widget_type=\"text-editor.default\">\n\t\t\t\t<div class=\"elementor-widget-container\">\n\t\t\t\t\t\t\t\t\t<p>Maat<\/p>\n\t\t\t\t\t\t\t\t<\/div>\n\t\t\t\t<\/div>\n\t\t\t\t<div class=\"elementor-element elementor-element-31969297 elementor-widget__width-initial elementor-widget elementor-widget-text-editor\" data-id=\"31969297\" data-element_type=\"widget\" data-e-type=\"widget\" data-widget_type=\"text-editor.default\">\n\t\t\t\t<div class=\"elementor-widget-container\">\n\t\t\t\t\t\t\t\t\t<p>4 zalen<\/p>\n\t\t\t\t\t\t\t\t<\/div>\n\t\t\t\t<\/div>\n\t\t\t\t<\/div>\n\t\t<div class=\"elementor-element elementor-element-60dd4db3 e-con-full e-flex e-con e-child\" data-id=\"60dd4db3\" data-element_type=\"container\" data-e-type=\"container\" data-settings=\"{&quot;jet_parallax_layout_list&quot;:[]}\">\n\t\t\t\t<div class=\"elementor-element elementor-element-60514e1 elementor-widget__width-initial elementor-widget elementor-widget-text-editor\" data-id=\"60514e1\" data-element_type=\"widget\" data-e-type=\"widget\" data-widget_type=\"text-editor.default\">\n\t\t\t\t<div class=\"elementor-widget-container\">\n\t\t\t\t\t\t\t\t\t<p>Website<\/p>\n\t\t\t\t\t\t\t\t<\/div>\n\t\t\t\t<\/div>\n\t\t\t\t<div class=\"elementor-element elementor-element-51018f97 elementor-widget__width-initial elementor-widget elementor-widget-text-editor\" data-id=\"51018f97\" data-element_type=\"widget\" data-e-type=\"widget\" data-widget_type=\"text-editor.default\">\n\t\t\t\t<div class=\"elementor-widget-container\">\n\t\t\t\t\t\t\t\t\t<p><span style=\"color: #999999;\"><a style=\"color: #999999;\" href=\"https:\/\/www.brabanthal.be\/\" target=\"_blank\" rel=\"noopener\">brabanthal.be<\/a><\/span><\/p>\n\t\t\t\t\t\t\t\t<\/div>\n\t\t\t\t<\/div>\n\t\t\t\t<\/div>\n\t\t\t\t<\/div>\n\t\t\t\t\t<\/div>\n\t\t\t\t<\/div>\n\t\t\t\t\t<\/div>\n\t\t\t\t<\/div>\n\t\t\t\t<\/div>\n\t\t","protected":false},"excerpt":{"rendered":"<p>Brabanthal Brabanthal introduceren Brabanthalgelegen in Leuven, is een belangrijke locatie voor evenementen en en congreslocatie. Avec une infrastructure moderne de 6 000 m\u00b2, il accueille une vari\u00e9t\u00e9 d&#8217;activit\u00e9s, allant des concerts aux salons professionnels. Sa polyvalence et son accessibilit\u00e9 en font un choix id\u00e9al pour des \u00e9v\u00e9nements de toutes tailles. Les diff\u00e9rentes salles peuvent \u00eatre [&hellip;]<\/p>\n","protected":false},"author":6,"featured_media":0,"parent":5834,"menu_order":0,"comment_status":"closed","ping_status":"closed","template":"elementor_header_footer","meta":{"_acf_changed":false,"footnotes":""},"class_list":["post-6217","page","type-page","status-publish","hentry"],"acf":[],"yoast_head":"<!-- This site is optimized with the Yoast SEO Premium plugin v27.0 (Yoast SEO v27.1) - https:\/\/yoast.com\/product\/yoast-seo-premium-wordpress\/ -->\n<title>Sta op Brussels Expo met MGS Stand: Innovatieve Oplossingen<\/title>\n<meta name=\"description\" content=\"Exposeer in Brussels Expo, een gerenommeerd evenementencomplex in Brussel. Profiteer van de ideale ligging op de Heizel.\" \/>\n<meta name=\"robots\" content=\"index, follow, max-snippet:-1, max-image-preview:large, max-video-preview:-1\" \/>\n<link rel=\"canonical\" href=\"https:\/\/mgs-stand.be\/nl\/wie-zijn-wij\/tentoonstellingscentrum\/brabanthal\/\" \/>\n<meta property=\"og:locale\" content=\"nl_NL\" \/>\n<meta property=\"og:type\" content=\"article\" \/>\n<meta property=\"og:title\" content=\"Brabanthal\" \/>\n<meta property=\"og:description\" content=\"Exposeer in Brussels Expo, een gerenommeerd evenementencomplex in Brussel. Profiteer van de ideale ligging op de Heizel.\" \/>\n<meta property=\"og:url\" content=\"https:\/\/mgs-stand.be\/nl\/wie-zijn-wij\/tentoonstellingscentrum\/brabanthal\/\" \/>\n<meta property=\"og:site_name\" content=\"MGS STAND\" \/>\n<meta property=\"article:publisher\" content=\"https:\/\/www.facebook.com\/MGS.sprl\" \/>\n<meta property=\"article:modified_time\" content=\"2024-10-21T09:05:36+00:00\" \/>\n<meta property=\"og:image\" content=\"https:\/\/mgs-stand.be\/wp-content\/uploads\/2024\/10\/Brabanthal.jpg\" \/>\n\t<meta property=\"og:image:width\" content=\"553\" \/>\n\t<meta property=\"og:image:height\" content=\"354\" \/>\n\t<meta property=\"og:image:type\" content=\"image\/jpeg\" \/>\n<meta name=\"twitter:card\" content=\"summary_large_image\" \/>\n<meta name=\"twitter:label1\" content=\"Geschatte leestijd\" \/>\n\t<meta name=\"twitter:data1\" content=\"1 minuut\" \/>\n<script type=\"application\/ld+json\" class=\"yoast-schema-graph\">{\"@context\":\"https:\/\/schema.org\",\"@graph\":[{\"@type\":\"WebPage\",\"@id\":\"https:\/\/mgs-stand.be\/nl\/wie-zijn-wij\/tentoonstellingscentrum\/brabanthal\/\",\"url\":\"https:\/\/mgs-stand.be\/nl\/wie-zijn-wij\/tentoonstellingscentrum\/brabanthal\/\",\"name\":\"Sta op Brussels Expo met MGS Stand: Innovatieve Oplossingen\",\"isPartOf\":{\"@id\":\"https:\/\/mgs-stand.be\/nl\/#website\"},\"primaryImageOfPage\":{\"@id\":\"https:\/\/mgs-stand.be\/nl\/wie-zijn-wij\/tentoonstellingscentrum\/brabanthal\/#primaryimage\"},\"image\":{\"@id\":\"https:\/\/mgs-stand.be\/nl\/wie-zijn-wij\/tentoonstellingscentrum\/brabanthal\/#primaryimage\"},\"thumbnailUrl\":\"https:\/\/mgs-stand.be\/wp-content\/uploads\/2024\/10\/Brabanthal.jpg\",\"datePublished\":\"2024-10-21T09:01:44+00:00\",\"dateModified\":\"2024-10-21T09:05:36+00:00\",\"description\":\"Exposeer in Brussels Expo, een gerenommeerd evenementencomplex in Brussel. Profiteer van de ideale ligging op de Heizel.\",\"breadcrumb\":{\"@id\":\"https:\/\/mgs-stand.be\/nl\/wie-zijn-wij\/tentoonstellingscentrum\/brabanthal\/#breadcrumb\"},\"inLanguage\":\"nl-NL\",\"potentialAction\":[{\"@type\":\"ReadAction\",\"target\":[\"https:\/\/mgs-stand.be\/nl\/wie-zijn-wij\/tentoonstellingscentrum\/brabanthal\/\"]}]},{\"@type\":\"ImageObject\",\"inLanguage\":\"nl-NL\",\"@id\":\"https:\/\/mgs-stand.be\/nl\/wie-zijn-wij\/tentoonstellingscentrum\/brabanthal\/#primaryimage\",\"url\":\"https:\/\/mgs-stand.be\/wp-content\/uploads\/2024\/10\/Brabanthal.jpg\",\"contentUrl\":\"https:\/\/mgs-stand.be\/wp-content\/uploads\/2024\/10\/Brabanthal.jpg\"},{\"@type\":\"BreadcrumbList\",\"@id\":\"https:\/\/mgs-stand.be\/nl\/wie-zijn-wij\/tentoonstellingscentrum\/brabanthal\/#breadcrumb\",\"itemListElement\":[{\"@type\":\"ListItem\",\"position\":1,\"name\":\"Accueil\",\"item\":\"https:\/\/mgs-stand.be\/nl\/home\/\"},{\"@type\":\"ListItem\",\"position\":2,\"name\":\"Wie zijn wij?\",\"item\":\"https:\/\/mgs-stand.be\/nl\/wie-zijn-wij\/\"},{\"@type\":\"ListItem\",\"position\":3,\"name\":\"Tentoonstellingscentrum\",\"item\":\"https:\/\/mgs-stand.be\/nl\/wie-zijn-wij\/tentoonstellingscentrum\/\"},{\"@type\":\"ListItem\",\"position\":4,\"name\":\"Brabanthal\"}]},{\"@type\":\"WebSite\",\"@id\":\"https:\/\/mgs-stand.be\/nl\/#website\",\"url\":\"https:\/\/mgs-stand.be\/nl\/\",\"name\":\"MGS STAND\",\"description\":\"Stand Builder\",\"publisher\":{\"@id\":\"https:\/\/mgs-stand.be\/nl\/#organization\"},\"potentialAction\":[{\"@type\":\"SearchAction\",\"target\":{\"@type\":\"EntryPoint\",\"urlTemplate\":\"https:\/\/mgs-stand.be\/nl\/?s={search_term_string}\"},\"query-input\":{\"@type\":\"PropertyValueSpecification\",\"valueRequired\":true,\"valueName\":\"search_term_string\"}}],\"inLanguage\":\"nl-NL\"},{\"@type\":\"Organization\",\"@id\":\"https:\/\/mgs-stand.be\/nl\/#organization\",\"name\":\"MGS STAND\",\"url\":\"https:\/\/mgs-stand.be\/nl\/\",\"logo\":{\"@type\":\"ImageObject\",\"inLanguage\":\"nl-NL\",\"@id\":\"https:\/\/mgs-stand.be\/nl\/#\/schema\/logo\/image\/\",\"url\":\"https:\/\/mgs-stand.be\/wp-content\/uploads\/2022\/02\/LOGO-MGS-Stand-builder-1.svg\",\"contentUrl\":\"https:\/\/mgs-stand.be\/wp-content\/uploads\/2022\/02\/LOGO-MGS-Stand-builder-1.svg\",\"width\":841.89,\"height\":595.28,\"caption\":\"MGS STAND\"},\"image\":{\"@id\":\"https:\/\/mgs-stand.be\/nl\/#\/schema\/logo\/image\/\"},\"sameAs\":[\"https:\/\/www.facebook.com\/MGS.sprl\"]}]}<\/script>\n<!-- \/ Yoast SEO Premium plugin. -->","yoast_head_json":{"title":"Sta op Brussels Expo met MGS Stand: Innovatieve Oplossingen","description":"Exposeer in Brussels Expo, een gerenommeerd evenementencomplex in Brussel. Profiteer van de ideale ligging op de Heizel.","robots":{"index":"index","follow":"follow","max-snippet":"max-snippet:-1","max-image-preview":"max-image-preview:large","max-video-preview":"max-video-preview:-1"},"canonical":"https:\/\/mgs-stand.be\/nl\/wie-zijn-wij\/tentoonstellingscentrum\/brabanthal\/","og_locale":"nl_NL","og_type":"article","og_title":"Brabanthal","og_description":"Exposeer in Brussels Expo, een gerenommeerd evenementencomplex in Brussel. Profiteer van de ideale ligging op de Heizel.","og_url":"https:\/\/mgs-stand.be\/nl\/wie-zijn-wij\/tentoonstellingscentrum\/brabanthal\/","og_site_name":"MGS STAND","article_publisher":"https:\/\/www.facebook.com\/MGS.sprl","article_modified_time":"2024-10-21T09:05:36+00:00","og_image":[{"width":553,"height":354,"url":"https:\/\/mgs-stand.be\/wp-content\/uploads\/2024\/10\/Brabanthal.jpg","type":"image\/jpeg"}],"twitter_card":"summary_large_image","twitter_misc":{"Geschatte leestijd":"1 minuut"},"schema":{"@context":"https:\/\/schema.org","@graph":[{"@type":"WebPage","@id":"https:\/\/mgs-stand.be\/nl\/wie-zijn-wij\/tentoonstellingscentrum\/brabanthal\/","url":"https:\/\/mgs-stand.be\/nl\/wie-zijn-wij\/tentoonstellingscentrum\/brabanthal\/","name":"Sta op Brussels Expo met MGS Stand: Innovatieve Oplossingen","isPartOf":{"@id":"https:\/\/mgs-stand.be\/nl\/#website"},"primaryImageOfPage":{"@id":"https:\/\/mgs-stand.be\/nl\/wie-zijn-wij\/tentoonstellingscentrum\/brabanthal\/#primaryimage"},"image":{"@id":"https:\/\/mgs-stand.be\/nl\/wie-zijn-wij\/tentoonstellingscentrum\/brabanthal\/#primaryimage"},"thumbnailUrl":"https:\/\/mgs-stand.be\/wp-content\/uploads\/2024\/10\/Brabanthal.jpg","datePublished":"2024-10-21T09:01:44+00:00","dateModified":"2024-10-21T09:05:36+00:00","description":"Exposeer in Brussels Expo, een gerenommeerd evenementencomplex in Brussel. Profiteer van de ideale ligging op de Heizel.","breadcrumb":{"@id":"https:\/\/mgs-stand.be\/nl\/wie-zijn-wij\/tentoonstellingscentrum\/brabanthal\/#breadcrumb"},"inLanguage":"nl-NL","potentialAction":[{"@type":"ReadAction","target":["https:\/\/mgs-stand.be\/nl\/wie-zijn-wij\/tentoonstellingscentrum\/brabanthal\/"]}]},{"@type":"ImageObject","inLanguage":"nl-NL","@id":"https:\/\/mgs-stand.be\/nl\/wie-zijn-wij\/tentoonstellingscentrum\/brabanthal\/#primaryimage","url":"https:\/\/mgs-stand.be\/wp-content\/uploads\/2024\/10\/Brabanthal.jpg","contentUrl":"https:\/\/mgs-stand.be\/wp-content\/uploads\/2024\/10\/Brabanthal.jpg"},{"@type":"BreadcrumbList","@id":"https:\/\/mgs-stand.be\/nl\/wie-zijn-wij\/tentoonstellingscentrum\/brabanthal\/#breadcrumb","itemListElement":[{"@type":"ListItem","position":1,"name":"Accueil","item":"https:\/\/mgs-stand.be\/nl\/home\/"},{"@type":"ListItem","position":2,"name":"Wie zijn wij?","item":"https:\/\/mgs-stand.be\/nl\/wie-zijn-wij\/"},{"@type":"ListItem","position":3,"name":"Tentoonstellingscentrum","item":"https:\/\/mgs-stand.be\/nl\/wie-zijn-wij\/tentoonstellingscentrum\/"},{"@type":"ListItem","position":4,"name":"Brabanthal"}]},{"@type":"WebSite","@id":"https:\/\/mgs-stand.be\/nl\/#website","url":"https:\/\/mgs-stand.be\/nl\/","name":"MGS STAND","description":"Stand Builder","publisher":{"@id":"https:\/\/mgs-stand.be\/nl\/#organization"},"potentialAction":[{"@type":"SearchAction","target":{"@type":"EntryPoint","urlTemplate":"https:\/\/mgs-stand.be\/nl\/?s={search_term_string}"},"query-input":{"@type":"PropertyValueSpecification","valueRequired":true,"valueName":"search_term_string"}}],"inLanguage":"nl-NL"},{"@type":"Organization","@id":"https:\/\/mgs-stand.be\/nl\/#organization","name":"MGS STAND","url":"https:\/\/mgs-stand.be\/nl\/","logo":{"@type":"ImageObject","inLanguage":"nl-NL","@id":"https:\/\/mgs-stand.be\/nl\/#\/schema\/logo\/image\/","url":"https:\/\/mgs-stand.be\/wp-content\/uploads\/2022\/02\/LOGO-MGS-Stand-builder-1.svg","contentUrl":"https:\/\/mgs-stand.be\/wp-content\/uploads\/2022\/02\/LOGO-MGS-Stand-builder-1.svg","width":841.89,"height":595.28,"caption":"MGS STAND"},"image":{"@id":"https:\/\/mgs-stand.be\/nl\/#\/schema\/logo\/image\/"},"sameAs":["https:\/\/www.facebook.com\/MGS.sprl"]}]}},"_links":{"self":[{"href":"https:\/\/mgs-stand.be\/nl\/wp-json\/wp\/v2\/pages\/6217","targetHints":{"allow":["GET"]}}],"collection":[{"href":"https:\/\/mgs-stand.be\/nl\/wp-json\/wp\/v2\/pages"}],"about":[{"href":"https:\/\/mgs-stand.be\/nl\/wp-json\/wp\/v2\/types\/page"}],"author":[{"embeddable":true,"href":"https:\/\/mgs-stand.be\/nl\/wp-json\/wp\/v2\/users\/6"}],"replies":[{"embeddable":true,"href":"https:\/\/mgs-stand.be\/nl\/wp-json\/wp\/v2\/comments?post=6217"}],"version-history":[{"count":1,"href":"https:\/\/mgs-stand.be\/nl\/wp-json\/wp\/v2\/pages\/6217\/revisions"}],"predecessor-version":[{"id":6218,"href":"https:\/\/mgs-stand.be\/nl\/wp-json\/wp\/v2\/pages\/6217\/revisions\/6218"}],"up":[{"embeddable":true,"href":"https:\/\/mgs-stand.be\/nl\/wp-json\/wp\/v2\/pages\/5834"}],"wp:attachment":[{"href":"https:\/\/mgs-stand.be\/nl\/wp-json\/wp\/v2\/media?parent=6217"}],"curies":[{"name":"wp","href":"https:\/\/api.w.org\/{rel}","templated":true}]}}