{"id":5471,"date":"2024-10-17T11:55:25","date_gmt":"2024-10-17T09:55:25","guid":{"rendered":"https:\/\/mgs-stand.be\/who-are-we\/brussels-expo\/"},"modified":"2024-10-18T16:38:01","modified_gmt":"2024-10-18T14:38:01","slug":"brussels-expo","status":"publish","type":"page","link":"https:\/\/mgs-stand.be\/en\/who-are-we\/exhibition-center\/brussels-expo\/","title":{"rendered":"Brussels-expo"},"content":{"rendered":"\t\t<div data-elementor-type=\"wp-page\" data-elementor-id=\"5471\" class=\"elementor elementor-5471 elementor-5449\" data-elementor-post-type=\"page\">\n\t\t\t\t<div class=\"elementor-element elementor-element-b962071 e-con-full e-flex e-con e-parent\" data-id=\"b962071\" data-element_type=\"container\" data-e-type=\"container\" data-settings=\"{&quot;background_background&quot;:&quot;classic&quot;,&quot;jet_parallax_layout_list&quot;:[]}\">\n\t\t\t\t<\/div>\n\t\t<div class=\"elementor-element elementor-element-47ec73cc e-flex e-con-boxed e-con e-parent\" data-id=\"47ec73cc\" data-element_type=\"container\" data-e-type=\"container\" data-settings=\"{&quot;jet_parallax_layout_list&quot;:[]}\">\n\t\t\t\t\t<div class=\"e-con-inner\">\n\t\t<div class=\"elementor-element elementor-element-4e67eabd e-con-full e-flex e-con e-child\" data-id=\"4e67eabd\" data-element_type=\"container\" data-e-type=\"container\" data-settings=\"{&quot;background_background&quot;:&quot;classic&quot;,&quot;jet_parallax_layout_list&quot;:[]}\">\n\t\t\t\t<div class=\"elementor-element elementor-element-e636670 elementor-widget elementor-widget-image\" data-id=\"e636670\" data-element_type=\"widget\" data-e-type=\"widget\" data-widget_type=\"image.default\">\n\t\t\t\t<div class=\"elementor-widget-container\">\n\t\t\t\t\t\t\t\t\t\t\t\t\t\t\t<img fetchpriority=\"high\" decoding=\"async\" width=\"600\" height=\"600\" src=\"https:\/\/mgs-stand.be\/wp-content\/uploads\/2024\/10\/Brussels-Expo.jpg\" class=\"attachment-large size-large wp-image-5453\" alt=\"\" srcset=\"https:\/\/mgs-stand.be\/wp-content\/uploads\/2024\/10\/Brussels-Expo.jpg 600w, https:\/\/mgs-stand.be\/wp-content\/uploads\/2024\/10\/Brussels-Expo-300x300.jpg 300w, https:\/\/mgs-stand.be\/wp-content\/uploads\/2024\/10\/Brussels-Expo-150x150.jpg 150w, https:\/\/mgs-stand.be\/wp-content\/uploads\/2024\/10\/Brussels-Expo-500x500.jpg 500w\" sizes=\"(max-width: 600px) 100vw, 600px\" \/>\t\t\t\t\t\t\t\t\t\t\t\t\t\t\t<\/div>\n\t\t\t\t<\/div>\n\t\t\t\t<div class=\"elementor-element elementor-element-3e7d0590 elementor-widget elementor-widget-heading\" data-id=\"3e7d0590\" data-element_type=\"widget\" data-e-type=\"widget\" data-widget_type=\"heading.default\">\n\t\t\t\t<div class=\"elementor-widget-container\">\n\t\t\t\t\t<h1 class=\"elementor-heading-title elementor-size-default\">Brussels EXPO<\/h1>\t\t\t\t<\/div>\n\t\t\t\t<\/div>\n\t\t\t\t<\/div>\n\t\t<div class=\"elementor-element elementor-element-f7ebcf4 e-con-full e-flex e-con e-child\" data-id=\"f7ebcf4\" data-element_type=\"container\" data-e-type=\"container\" data-settings=\"{&quot;jet_parallax_layout_list&quot;:[]}\">\n\t\t\t\t<div class=\"elementor-element elementor-element-6a4f1573 elementor-widget elementor-widget-heading\" data-id=\"6a4f1573\" data-element_type=\"widget\" data-e-type=\"widget\" data-widget_type=\"heading.default\">\n\t\t\t\t<div class=\"elementor-widget-container\">\n\t\t\t\t\t<h2 class=\"elementor-heading-title elementor-size-default\">Exhibit at Brussels Expo<\/h2>\t\t\t\t<\/div>\n\t\t\t\t<\/div>\n\t\t\t\t<div class=\"elementor-element elementor-element-270d4991 elementor-widget elementor-widget-text-editor\" data-id=\"270d4991\" data-element_type=\"widget\" data-e-type=\"widget\" data-widget_type=\"text-editor.default\">\n\t\t\t\t<div class=\"elementor-widget-container\">\n\t\t\t\t\t\t\t\t\t<p>Brussels Expo is a vast event complex located on the Heysel site, comprising 12 exhibition halls and covering some 115,000 m\u00b2. Inaugurated in 1935 and expanded over the years, the center hosts events of all kinds: trade fairs, congresses, exhibitions and concerts. It is well served by Brussels&#8217; public transport network, facilitating access for visitors and exhibitors alike. Brussels Expo is a major venue for large-scale events in Belgium.   <\/p>\n\t\t\t\t\t\t\t\t<\/div>\n\t\t\t\t<\/div>\n\t\t\t\t<\/div>\n\t\t<div class=\"elementor-element elementor-element-82bf96e e-con-full e-flex e-con e-child\" data-id=\"82bf96e\" data-element_type=\"container\" data-e-type=\"container\" data-settings=\"{&quot;jet_parallax_layout_list&quot;:[]}\">\n\t\t\t\t<div class=\"elementor-element elementor-element-6c75cb53 elementor-widget elementor-widget-heading\" data-id=\"6c75cb53\" data-element_type=\"widget\" data-e-type=\"widget\" data-widget_type=\"heading.default\">\n\t\t\t\t<div class=\"elementor-widget-container\">\n\t\t\t\t\t<h2 class=\"elementor-heading-title elementor-size-default\">Take part in the biggest trade fairs with MGS Stand \u00e0 Vos C\u00f4t\u00e9s<\/h2>\t\t\t\t<\/div>\n\t\t\t\t<\/div>\n\t\t\t\t<div class=\"elementor-element elementor-element-6433d3b6 elementor-widget elementor-widget-text-editor\" data-id=\"6433d3b6\" data-element_type=\"widget\" data-e-type=\"widget\" data-widget_type=\"text-editor.default\">\n\t\t\t\t<div class=\"elementor-widget-container\">\n\t\t\t\t\t\t\t\t\t<p>Notable events include <span style=\"color: #95bc4a;\"><strong><a style=\"color: #95bc4a;\" href=\"https:\/\/mgs-stand.be\/about\/batibouw\/\">Batibouw<\/a><\/strong><\/span>the Salon de l&#8217;Alimentation, and the Salon de l&#8217;Auto. If you&#8217;re planning to exhibit at Brussels expo, MGS Stand is here to help. As a stand manufacturer, we offer innovative solutions that combine attractive design with a controlled budget. Our expertise guarantees you a tailor-made stand and optimal impact for your event.   <\/p>\n\t\t\t\t\t\t\t\t<\/div>\n\t\t\t\t<\/div>\n\t\t\t\t<\/div>\n\t\t\t\t\t<\/div>\n\t\t\t\t<\/div>\n\t\t<div class=\"elementor-element elementor-element-30a694f3 e-flex e-con-boxed e-con e-parent\" data-id=\"30a694f3\" data-element_type=\"container\" data-e-type=\"container\" data-settings=\"{&quot;jet_parallax_layout_list&quot;:[]}\">\n\t\t\t\t\t<div class=\"e-con-inner\">\n\t\t<div class=\"elementor-element elementor-element-2b08ee67 e-flex e-con-boxed e-con e-child\" data-id=\"2b08ee67\" data-element_type=\"container\" data-e-type=\"container\" data-settings=\"{&quot;jet_parallax_layout_list&quot;:[]}\">\n\t\t\t\t\t<div class=\"e-con-inner\">\n\t\t<div class=\"elementor-element elementor-element-51a18af2 e-con-full e-flex e-con e-child\" data-id=\"51a18af2\" data-element_type=\"container\" data-e-type=\"container\" data-settings=\"{&quot;jet_parallax_layout_list&quot;:[]}\">\n\t\t<div class=\"elementor-element elementor-element-34d83c65 e-con-full e-flex e-con e-child\" data-id=\"34d83c65\" data-element_type=\"container\" data-e-type=\"container\" data-settings=\"{&quot;jet_parallax_layout_list&quot;:[]}\">\n\t\t\t\t<div class=\"elementor-element elementor-element-47d2fc46 elementor-widget__width-initial elementor-widget elementor-widget-text-editor\" data-id=\"47d2fc46\" data-element_type=\"widget\" data-e-type=\"widget\" data-widget_type=\"text-editor.default\">\n\t\t\t\t<div class=\"elementor-widget-container\">\n\t\t\t\t\t\t\t\t\t<p>Situation<\/p>\n\t\t\t\t\t\t\t\t<\/div>\n\t\t\t\t<\/div>\n\t\t\t\t<div class=\"elementor-element elementor-element-1fd0b528 elementor-widget__width-initial elementor-widget elementor-widget-text-editor\" data-id=\"1fd0b528\" data-element_type=\"widget\" data-e-type=\"widget\" data-widget_type=\"text-editor.default\">\n\t\t\t\t<div class=\"elementor-widget-container\">\n\t\t\t\t\t\t\t\t\t<p>Brussels<\/p>\n\t\t\t\t\t\t\t\t<\/div>\n\t\t\t\t<\/div>\n\t\t\t\t<\/div>\n\t\t<div class=\"elementor-element elementor-element-205dfddc e-con-full e-flex e-con e-child\" data-id=\"205dfddc\" data-element_type=\"container\" data-e-type=\"container\" data-settings=\"{&quot;jet_parallax_layout_list&quot;:[]}\">\n\t\t\t\t<div class=\"elementor-element elementor-element-7bbf7b47 elementor-widget__width-initial elementor-widget elementor-widget-text-editor\" data-id=\"7bbf7b47\" data-element_type=\"widget\" data-e-type=\"widget\" data-widget_type=\"text-editor.default\">\n\t\t\t\t<div class=\"elementor-widget-container\">\n\t\t\t\t\t\t\t\t\t<p>Size<\/p>\n\t\t\t\t\t\t\t\t<\/div>\n\t\t\t\t<\/div>\n\t\t\t\t<div class=\"elementor-element elementor-element-31969297 elementor-widget__width-initial elementor-widget elementor-widget-text-editor\" data-id=\"31969297\" data-element_type=\"widget\" data-e-type=\"widget\" data-widget_type=\"text-editor.default\">\n\t\t\t\t<div class=\"elementor-widget-container\">\n\t\t\t\t\t\t\t\t\t<p>12 halls<\/p>\n\t\t\t\t\t\t\t\t<\/div>\n\t\t\t\t<\/div>\n\t\t\t\t<\/div>\n\t\t<div class=\"elementor-element elementor-element-60dd4db3 e-con-full e-flex e-con e-child\" data-id=\"60dd4db3\" data-element_type=\"container\" data-e-type=\"container\" data-settings=\"{&quot;jet_parallax_layout_list&quot;:[]}\">\n\t\t\t\t<div class=\"elementor-element elementor-element-60514e1 elementor-widget__width-initial elementor-widget elementor-widget-text-editor\" data-id=\"60514e1\" data-element_type=\"widget\" data-e-type=\"widget\" data-widget_type=\"text-editor.default\">\n\t\t\t\t<div class=\"elementor-widget-container\">\n\t\t\t\t\t\t\t\t\t<p>Website<\/p>\n\t\t\t\t\t\t\t\t<\/div>\n\t\t\t\t<\/div>\n\t\t\t\t<div class=\"elementor-element elementor-element-51018f97 elementor-widget__width-initial elementor-widget elementor-widget-text-editor\" data-id=\"51018f97\" data-element_type=\"widget\" data-e-type=\"widget\" data-widget_type=\"text-editor.default\">\n\t\t\t\t<div class=\"elementor-widget-container\">\n\t\t\t\t\t\t\t\t\t<p><span style=\"color: #999999;\"><a style=\"color: #999999;\" href=\"https:\/\/www.brussels-expo.com\/\" target=\"_blank\" rel=\"noopener\">Brussels-expo<\/a><\/span><\/p>\n\t\t\t\t\t\t\t\t<\/div>\n\t\t\t\t<\/div>\n\t\t\t\t<\/div>\n\t\t\t\t<\/div>\n\t\t\t\t\t<\/div>\n\t\t\t\t<\/div>\n\t\t\t\t\t<\/div>\n\t\t\t\t<\/div>\n\t\t\t\t<\/div>\n\t\t","protected":false},"excerpt":{"rendered":"<p>Brussels EXPO Exhibit at Brussels Expo Brussels Expo is a vast event complex located on the Heysel site, comprising 12 exhibition halls and covering some 115,000 m\u00b2. Inaugurated in 1935 and expanded over the years, the center hosts events of all kinds: trade fairs, congresses, exhibitions and concerts. It is well served by Brussels&#8217; public [&hellip;]<\/p>\n","protected":false},"author":1,"featured_media":0,"parent":5475,"menu_order":0,"comment_status":"closed","ping_status":"closed","template":"elementor_header_footer","meta":{"_acf_changed":false,"footnotes":""},"class_list":["post-5471","page","type-page","status-publish","hentry"],"acf":[],"yoast_head":"<!-- This site is optimized with the Yoast SEO Premium plugin v27.0 (Yoast SEO v27.1) - https:\/\/yoast.com\/product\/yoast-seo-premium-wordpress\/ -->\n<title>Exhibit at Brussels Expo with MGS Stand: Innovative Solutions<\/title>\n<meta name=\"description\" content=\"Exhibit at Brussels Expo, a renowned event complex in Brussels. Take advantage of its ideal Heysel location.\" \/>\n<meta name=\"robots\" content=\"index, follow, max-snippet:-1, max-image-preview:large, max-video-preview:-1\" \/>\n<link rel=\"canonical\" href=\"https:\/\/mgs-stand.be\/en\/who-are-we\/exhibition-center\/brussels-expo\/\" \/>\n<meta property=\"og:locale\" content=\"en_US\" \/>\n<meta property=\"og:type\" content=\"article\" \/>\n<meta property=\"og:title\" content=\"Brussels-expo\" \/>\n<meta property=\"og:description\" content=\"Exhibit at Brussels Expo, a renowned event complex in Brussels. Take advantage of its ideal Heysel location.\" \/>\n<meta property=\"og:url\" content=\"https:\/\/mgs-stand.be\/en\/who-are-we\/exhibition-center\/brussels-expo\/\" \/>\n<meta property=\"og:site_name\" content=\"MGS STAND\" \/>\n<meta property=\"article:publisher\" content=\"https:\/\/www.facebook.com\/MGS.sprl\" \/>\n<meta property=\"article:modified_time\" content=\"2024-10-18T14:38:01+00:00\" \/>\n<meta property=\"og:image\" content=\"https:\/\/mgs-stand.be\/wp-content\/uploads\/2024\/10\/Brussels-Expo.jpg\" \/>\n\t<meta property=\"og:image:width\" content=\"600\" \/>\n\t<meta property=\"og:image:height\" content=\"600\" \/>\n\t<meta property=\"og:image:type\" content=\"image\/jpeg\" \/>\n<meta name=\"twitter:card\" content=\"summary_large_image\" \/>\n<meta name=\"twitter:label1\" content=\"Est. reading time\" \/>\n\t<meta name=\"twitter:data1\" content=\"1 minute\" \/>\n<script type=\"application\/ld+json\" class=\"yoast-schema-graph\">{\"@context\":\"https:\/\/schema.org\",\"@graph\":[{\"@type\":\"WebPage\",\"@id\":\"https:\/\/mgs-stand.be\/en\/who-are-we\/exhibition-center\/brussels-expo\/\",\"url\":\"https:\/\/mgs-stand.be\/en\/who-are-we\/exhibition-center\/brussels-expo\/\",\"name\":\"Exhibit at Brussels Expo with MGS Stand: Innovative Solutions\",\"isPartOf\":{\"@id\":\"https:\/\/mgs-stand.be\/en\/#website\"},\"primaryImageOfPage\":{\"@id\":\"https:\/\/mgs-stand.be\/en\/who-are-we\/exhibition-center\/brussels-expo\/#primaryimage\"},\"image\":{\"@id\":\"https:\/\/mgs-stand.be\/en\/who-are-we\/exhibition-center\/brussels-expo\/#primaryimage\"},\"thumbnailUrl\":\"https:\/\/mgs-stand.be\/wp-content\/uploads\/2024\/10\/Brussels-Expo.jpg\",\"datePublished\":\"2024-10-17T09:55:25+00:00\",\"dateModified\":\"2024-10-18T14:38:01+00:00\",\"description\":\"Exhibit at Brussels Expo, a renowned event complex in Brussels. Take advantage of its ideal Heysel location.\",\"breadcrumb\":{\"@id\":\"https:\/\/mgs-stand.be\/en\/who-are-we\/exhibition-center\/brussels-expo\/#breadcrumb\"},\"inLanguage\":\"en-US\",\"potentialAction\":[{\"@type\":\"ReadAction\",\"target\":[\"https:\/\/mgs-stand.be\/en\/who-are-we\/exhibition-center\/brussels-expo\/\"]}]},{\"@type\":\"ImageObject\",\"inLanguage\":\"en-US\",\"@id\":\"https:\/\/mgs-stand.be\/en\/who-are-we\/exhibition-center\/brussels-expo\/#primaryimage\",\"url\":\"https:\/\/mgs-stand.be\/wp-content\/uploads\/2024\/10\/Brussels-Expo.jpg\",\"contentUrl\":\"https:\/\/mgs-stand.be\/wp-content\/uploads\/2024\/10\/Brussels-Expo.jpg\"},{\"@type\":\"BreadcrumbList\",\"@id\":\"https:\/\/mgs-stand.be\/en\/who-are-we\/exhibition-center\/brussels-expo\/#breadcrumb\",\"itemListElement\":[{\"@type\":\"ListItem\",\"position\":1,\"name\":\"Accueil\",\"item\":\"https:\/\/mgs-stand.be\/en\/home\/\"},{\"@type\":\"ListItem\",\"position\":2,\"name\":\"Who are we?\",\"item\":\"https:\/\/mgs-stand.be\/en\/who-are-we\/\"},{\"@type\":\"ListItem\",\"position\":3,\"name\":\"Exhibition center\",\"item\":\"https:\/\/mgs-stand.be\/en\/who-are-we\/exhibition-center\/\"},{\"@type\":\"ListItem\",\"position\":4,\"name\":\"Brussels-expo\"}]},{\"@type\":\"WebSite\",\"@id\":\"https:\/\/mgs-stand.be\/en\/#website\",\"url\":\"https:\/\/mgs-stand.be\/en\/\",\"name\":\"MGS STAND\",\"description\":\"Stand Builder\",\"publisher\":{\"@id\":\"https:\/\/mgs-stand.be\/en\/#organization\"},\"potentialAction\":[{\"@type\":\"SearchAction\",\"target\":{\"@type\":\"EntryPoint\",\"urlTemplate\":\"https:\/\/mgs-stand.be\/en\/?s={search_term_string}\"},\"query-input\":{\"@type\":\"PropertyValueSpecification\",\"valueRequired\":true,\"valueName\":\"search_term_string\"}}],\"inLanguage\":\"en-US\"},{\"@type\":\"Organization\",\"@id\":\"https:\/\/mgs-stand.be\/en\/#organization\",\"name\":\"MGS STAND\",\"url\":\"https:\/\/mgs-stand.be\/en\/\",\"logo\":{\"@type\":\"ImageObject\",\"inLanguage\":\"en-US\",\"@id\":\"https:\/\/mgs-stand.be\/en\/#\/schema\/logo\/image\/\",\"url\":\"https:\/\/mgs-stand.be\/wp-content\/uploads\/2022\/02\/LOGO-MGS-Stand-builder-1.svg\",\"contentUrl\":\"https:\/\/mgs-stand.be\/wp-content\/uploads\/2022\/02\/LOGO-MGS-Stand-builder-1.svg\",\"width\":841.89,\"height\":595.28,\"caption\":\"MGS STAND\"},\"image\":{\"@id\":\"https:\/\/mgs-stand.be\/en\/#\/schema\/logo\/image\/\"},\"sameAs\":[\"https:\/\/www.facebook.com\/MGS.sprl\"]}]}<\/script>\n<!-- \/ Yoast SEO Premium plugin. -->","yoast_head_json":{"title":"Exhibit at Brussels Expo with MGS Stand: Innovative Solutions","description":"Exhibit at Brussels Expo, a renowned event complex in Brussels. Take advantage of its ideal Heysel location.","robots":{"index":"index","follow":"follow","max-snippet":"max-snippet:-1","max-image-preview":"max-image-preview:large","max-video-preview":"max-video-preview:-1"},"canonical":"https:\/\/mgs-stand.be\/en\/who-are-we\/exhibition-center\/brussels-expo\/","og_locale":"en_US","og_type":"article","og_title":"Brussels-expo","og_description":"Exhibit at Brussels Expo, a renowned event complex in Brussels. Take advantage of its ideal Heysel location.","og_url":"https:\/\/mgs-stand.be\/en\/who-are-we\/exhibition-center\/brussels-expo\/","og_site_name":"MGS STAND","article_publisher":"https:\/\/www.facebook.com\/MGS.sprl","article_modified_time":"2024-10-18T14:38:01+00:00","og_image":[{"width":600,"height":600,"url":"https:\/\/mgs-stand.be\/wp-content\/uploads\/2024\/10\/Brussels-Expo.jpg","type":"image\/jpeg"}],"twitter_card":"summary_large_image","twitter_misc":{"Est. reading time":"1 minute"},"schema":{"@context":"https:\/\/schema.org","@graph":[{"@type":"WebPage","@id":"https:\/\/mgs-stand.be\/en\/who-are-we\/exhibition-center\/brussels-expo\/","url":"https:\/\/mgs-stand.be\/en\/who-are-we\/exhibition-center\/brussels-expo\/","name":"Exhibit at Brussels Expo with MGS Stand: Innovative Solutions","isPartOf":{"@id":"https:\/\/mgs-stand.be\/en\/#website"},"primaryImageOfPage":{"@id":"https:\/\/mgs-stand.be\/en\/who-are-we\/exhibition-center\/brussels-expo\/#primaryimage"},"image":{"@id":"https:\/\/mgs-stand.be\/en\/who-are-we\/exhibition-center\/brussels-expo\/#primaryimage"},"thumbnailUrl":"https:\/\/mgs-stand.be\/wp-content\/uploads\/2024\/10\/Brussels-Expo.jpg","datePublished":"2024-10-17T09:55:25+00:00","dateModified":"2024-10-18T14:38:01+00:00","description":"Exhibit at Brussels Expo, a renowned event complex in Brussels. Take advantage of its ideal Heysel location.","breadcrumb":{"@id":"https:\/\/mgs-stand.be\/en\/who-are-we\/exhibition-center\/brussels-expo\/#breadcrumb"},"inLanguage":"en-US","potentialAction":[{"@type":"ReadAction","target":["https:\/\/mgs-stand.be\/en\/who-are-we\/exhibition-center\/brussels-expo\/"]}]},{"@type":"ImageObject","inLanguage":"en-US","@id":"https:\/\/mgs-stand.be\/en\/who-are-we\/exhibition-center\/brussels-expo\/#primaryimage","url":"https:\/\/mgs-stand.be\/wp-content\/uploads\/2024\/10\/Brussels-Expo.jpg","contentUrl":"https:\/\/mgs-stand.be\/wp-content\/uploads\/2024\/10\/Brussels-Expo.jpg"},{"@type":"BreadcrumbList","@id":"https:\/\/mgs-stand.be\/en\/who-are-we\/exhibition-center\/brussels-expo\/#breadcrumb","itemListElement":[{"@type":"ListItem","position":1,"name":"Accueil","item":"https:\/\/mgs-stand.be\/en\/home\/"},{"@type":"ListItem","position":2,"name":"Who are we?","item":"https:\/\/mgs-stand.be\/en\/who-are-we\/"},{"@type":"ListItem","position":3,"name":"Exhibition center","item":"https:\/\/mgs-stand.be\/en\/who-are-we\/exhibition-center\/"},{"@type":"ListItem","position":4,"name":"Brussels-expo"}]},{"@type":"WebSite","@id":"https:\/\/mgs-stand.be\/en\/#website","url":"https:\/\/mgs-stand.be\/en\/","name":"MGS STAND","description":"Stand Builder","publisher":{"@id":"https:\/\/mgs-stand.be\/en\/#organization"},"potentialAction":[{"@type":"SearchAction","target":{"@type":"EntryPoint","urlTemplate":"https:\/\/mgs-stand.be\/en\/?s={search_term_string}"},"query-input":{"@type":"PropertyValueSpecification","valueRequired":true,"valueName":"search_term_string"}}],"inLanguage":"en-US"},{"@type":"Organization","@id":"https:\/\/mgs-stand.be\/en\/#organization","name":"MGS STAND","url":"https:\/\/mgs-stand.be\/en\/","logo":{"@type":"ImageObject","inLanguage":"en-US","@id":"https:\/\/mgs-stand.be\/en\/#\/schema\/logo\/image\/","url":"https:\/\/mgs-stand.be\/wp-content\/uploads\/2022\/02\/LOGO-MGS-Stand-builder-1.svg","contentUrl":"https:\/\/mgs-stand.be\/wp-content\/uploads\/2022\/02\/LOGO-MGS-Stand-builder-1.svg","width":841.89,"height":595.28,"caption":"MGS STAND"},"image":{"@id":"https:\/\/mgs-stand.be\/en\/#\/schema\/logo\/image\/"},"sameAs":["https:\/\/www.facebook.com\/MGS.sprl"]}]}},"_links":{"self":[{"href":"https:\/\/mgs-stand.be\/en\/wp-json\/wp\/v2\/pages\/5471","targetHints":{"allow":["GET"]}}],"collection":[{"href":"https:\/\/mgs-stand.be\/en\/wp-json\/wp\/v2\/pages"}],"about":[{"href":"https:\/\/mgs-stand.be\/en\/wp-json\/wp\/v2\/types\/page"}],"author":[{"embeddable":true,"href":"https:\/\/mgs-stand.be\/en\/wp-json\/wp\/v2\/users\/1"}],"replies":[{"embeddable":true,"href":"https:\/\/mgs-stand.be\/en\/wp-json\/wp\/v2\/comments?post=5471"}],"version-history":[{"count":3,"href":"https:\/\/mgs-stand.be\/en\/wp-json\/wp\/v2\/pages\/5471\/revisions"}],"predecessor-version":[{"id":6142,"href":"https:\/\/mgs-stand.be\/en\/wp-json\/wp\/v2\/pages\/5471\/revisions\/6142"}],"up":[{"embeddable":true,"href":"https:\/\/mgs-stand.be\/en\/wp-json\/wp\/v2\/pages\/5475"}],"wp:attachment":[{"href":"https:\/\/mgs-stand.be\/en\/wp-json\/wp\/v2\/media?parent=5471"}],"curies":[{"name":"wp","href":"https:\/\/api.w.org\/{rel}","templated":true}]}}